{"id":1356,"date":"2022-11-18T08:35:06","date_gmt":"2022-11-18T08:35:06","guid":{"rendered":"https:\/\/prograde.it\/?page_id=1356"},"modified":"2022-11-18T14:21:19","modified_gmt":"2022-11-18T14:21:19","slug":"termini-e-condizioni","status":"publish","type":"page","link":"https:\/\/prograde.it\/it\/termini-e-condizioni\/","title":{"rendered":"Termini e condizioni"},"content":{"rendered":"<p>[et_pb_section fb_built=&#8221;1&#8243; _builder_version=&#8221;4.19.1&#8243; background_color=&#8221;#000000&#8243; global_colors_info=&#8221;{}&#8221;][et_pb_row _builder_version=&#8221;4.16&#8243; background_size=&#8221;initial&#8221; background_position=&#8221;top_left&#8221; background_repeat=&#8221;repeat&#8221; global_colors_info=&#8221;{}&#8221;][et_pb_column type=&#8221;4_4&#8243; _builder_version=&#8221;4.16&#8243; custom_padding=&#8221;|||&#8221; global_colors_info=&#8221;{}&#8221; custom_padding__hover=&#8221;|||&#8221;][et_pb_text _builder_version=&#8221;4.19.1&#8243; header_3_font_size=&#8221;28px&#8221; background_size=&#8221;initial&#8221; background_position=&#8221;top_left&#8221; background_repeat=&#8221;repeat&#8221; global_colors_info=&#8221;{}&#8221;]<\/p>\n<div id=\"u11954-128\" class=\"clearfix colelem\" data-sizepolicy=\"fixed\" data-pintopage=\"page_fixedCenter\">\n<h2 class=\"titoloBlu\">TERMINI E CONDIZIONI DI UTILIZZO<\/h2>\n<h3>DISPOSITIVO DI SICURA AUTOMATICA<\/h3>\n<p>&nbsp;<\/p>\n<p><strong>INDICE<br \/><\/strong><strong style=\"font-size: 22px;\">1 INTRODUZIONE<\/strong><\/p>\n<p>1.1 Per arrampicare<\/p>\n<p><strong>1. INTRODUZIONE<\/strong><\/p>\n<p>Il presente elaborato rappresenta i termini e le condizioni di utilizzo dei sistemi di sicura automatica ProGrade. Nel seguito vengono descritte le condizioni per il corretto utilizzo della macchina nonch\u00e9 le avvertenze di sicurezza, e i rischi connessi ad un mal utilizzo.<\/p>\n<p>Attenzione: l\u2019arrampicata \u00e8 uno sport intrinsecamente pericoloso che deve essere praticato sempre con la massima attenzione, prudenza e consapevolezza.<\/p>\n<p>Attenzione: ProGrade \u00e8 un macchinario che permette di arrampicare da primo in completa autonomia. Per poterlo utilizzare \u00e8 obbligatorio conoscere la tecnica dell\u2019arrampicata, saper indossare correttamente l\u2019attrezzatura di protezione individuale, saper eseguire nel modo corretto e nel punto giusto un nodo a otto, saper rinviare nel modo corretto e pi\u00f9 in generale saper arrampicare da primo in modo autonomo.<\/p>\n<p>ProGrade non \u00e8 un macchinario adatto ai principianti o a chi non ha acquisito sufficiente esperienza. ProGrade Srl non si ritiene responsabile di incidenti o infortuni legati a un uso improprio del macchinario.<\/p>\n<p>ProGrade \u00e8 un macchinario che permette di arrampicare da primo, lasciando all\u2019utente la giusta libert\u00e0 di movimento che gli permetta di praticare la disciplina dell\u2019arrampicata. La responsabilit\u00e0 di eseguire le manovre correttamente \u00e8 sempre rimandata all\u2019utilizzatore. In alcun modo ProGrade Srl si assume la responsabilit\u00e0 di un uso errato, improprio o superficiale della macchina.<\/p>\n<p><strong>1.1 Per arrampicare<\/strong><\/p>\n<p>Prima di utilizzare la macchina verificare che questa sia accesa e che non presenti messaggi di errore.<\/p>\n<p>ATTENZIONE non utilizzare mai la macchina se mostra un messaggio di errore.<\/p>\n<p>La macchina si trova normalmente nella configurazione di stand-by, con la corda completamente avvolta e con solo 1m che esce dalla fessura. In questa configurazione il segno nero presente sulla corda deve trovarsi a cavallo della fessura. Prima di utilizzare la macchina \u00e8 necessario verificare questa condizione. Se la condizione non \u00e8 verificata ovvero se il segno nero non \u00e8 a cavallo della fessura, \u00e8 severamente vietato utilizzare la macchina. Contattare immediatamente l\u2019assistenza per effettuare la procedura di calibrazione.<\/p>\n<p>ATTENZIONE utilizzare la macchina con una calibrazione errata pu\u00f2 comportare rischi di sicurezza. La calibrazione della corda \u00e8 un operazione da effettuare periodicamente ed \u00e8 affidata all\u2019utilizzatrice (palestra di arrampicata). ProGrade Srl non si assume la responsabilit\u00e0 di una mancata verifica periodica della calibrazione<\/p>\n<p>Tirare la corda o cliccare lo schermo per avviare la macchina. Prima di procedere \u00e8 necessario accettare i termini e le condizioni di utilizzo della macchina. Cliccando \u201cACCETTA\u201d si dichiara di aver letto, compreso e accettato tale documento in ogni sua parte.<\/p>\n<p>Una volta nella funzione nodo tirare la corda finche la macchina non si ferma di nuovo. La macchina di default fornisce una lunghezza limitata per fare il nodo. Tale lunghezza \u00e8 sufficiente per eseguire il nodo a 8 ma non \u00e8 sufficiente per cominciare ad arrampicare.<\/p>\n<p>Effettuare sempre il nodo nel modo corretto. \u00c8 severamente vietato utilizzare ProGrade se non si conosce la procedura per legarsi a una corda d\u2019arrampicata. La responsabilit\u00e0 sull\u2019esecuzione del nodo \u00e8 sempre rimandata all\u2019utilizzatore. In alcun modo ProGrade Srl si assume la responsabilit\u00e0 per incidenti infortunii o danni derivanti da una cattiva esecuzione del nodo.<\/p>\n<p>ATTENZIONE una cattiva esecuzione del nodo pu\u00f2 comportare rischi per la sicurezza<\/p>\n<p>Dopo aver effettuato il nodo nel modo corretto \u00e8 obbligatorio premere il pulsante verde presente sullo schermo \u201cattiva la sicura\u201d. \u00c8 severamente vietato cominciare ad arrampicare senza aver prima cliccato attiva la sicura.<\/p>\n<p>Se il tasto verde non compare o viene visualizzato un messaggio di errore interrompere immediatamente l\u2019utilizzo della macchina e contattare l\u2019assistenza.<\/p>\n<p>ATTENZIONE cominciare ad arrampicare senza aver attivato la sicura comporta un rischio per la sicurezza dell\u2019utilizzatore. Prima di cominciare ad arrampicare \u00e8 obbligatorio premere il tasto attiva la sicura.<\/p>\n<p>Una volta premuto il tasto attiva la sicura la macchina effettua una procedura di verifica. Durante questa procedura rimanere fermi in piedi davanti alla macchina alla distanza di 1m dalla parete. \u00c8 severamente vietato tenere la corda con le mani durante questa operazione. \u00c8 severamente vietato muoversi durante questa operazione.<\/p>\n<p>ATTENZIONE interferire in qualunque modo con la procedura di verifica comporta un rischio per la sicurezza. non arrampicare mai se la procedura di verifica \u00e8 stata interrotta o non \u00e8 andata a buon fine.<\/p>\n<p>Al termine della procedura di verifica la macchina restituisce un esito. Se l\u2019esito \u00e8 negativo viene mostrato un messaggio di errore e la procedura del nodo va ripetuta da capo.<\/p>\n<p>ATTENZIONE non arrampicare mai se l\u2019esito della verifica e negativo o viene mostrato un messaggio di errore.<\/p>\n<p>Sar\u00e0 possibile cominciare ad arrampicare solo se la procedura di verifica \u00e8 andata a buon fine, e solo dopo aver verificato che sullo schermo compaia la schermata che evidenza che lo stato della sicura \u00e8 attivo con la scritta: \u201cON\u201d.<\/p>\n<p>ATTENZIONE: \u00e8 severamente vietato cominciare ad arrampicare in qualunque circostanza differente.<\/p>\n<p>E\u2019 concesso arrampicare solo dopo che la procedura di verifica si \u00e8 svolta correttamente e che lo schermo mostri lo stato della sicura come ON.<\/p>\n<p>La macchina si trova a questo punto nella modalit\u00e0 da primo. La macchina da e recupera corda in base ai movimenti dell\u2019utilizzatore.<\/p>\n<p>ATTENZIONE per poter arrampicare in sicurezza \u00e8 obbligatorio passare la corda nei moschettoni e passarla nel modo corretto. ProGrade Srl non si assume la responsabilit\u00e0 di incidenti infortuni o danni derivanti da una mancata o errata rinviata. Rinviare la corda nei moschettoni \u00e8 un operazione affidata unicamente all\u2019utilizzatore e deve essere compiuta nel modo corretto. La corda va passata in tutti i moschettoni, deve fare il giro corretto e deve essere moschettonata quando l\u2019utilizzatore si trova con il rinvio all\u2019altezza del petto.<\/p>\n<p>ATTENZIONE rinviare la corda troppo dal basso o troppo dall\u2019altro comporta un rischio per la sicurezza. ProGrade Srl non si assume la responsabilit\u00e0 per danni, infortuni o incidenti derivanti da una rinviata fatta nel punto sbagliato.<\/p>\n<p>ATTENZIONE durante una caduta \u00e8 severamente vietato afferrare o tentare di afferrare la corda che esce dalla macchina. Afferrare la corda o pi\u00f9 in generale provocare una resistenza nella corda inficia il lavoro dei sensori del macchinario e pu\u00f2 comportare gravi pericoli di sicurezza.<\/p>\n<p>ATTENZIONE \u00e8 severamente vietato arrampicare con la macchina spenta. Arrampicare con la macchina spenta pu\u00f2 comportare rischi per la sicurezza.<\/p>\n<p>ATTENZIONE \u00e8 severamente vietato disarrampicare, durante l\u2019utilizzo della macchina. Disarrampicare pu\u00f2 comportare rischi per la sicurezza.<\/p>\n<\/div>\n<p>[\/et_pb_text][\/et_pb_column][\/et_pb_row][\/et_pb_section]<\/p>\n","protected":false},"excerpt":{"rendered":"<p>TERMINI E CONDIZIONI DI UTILIZZO DISPOSITIVO DI SICURA AUTOMATICA &nbsp; INDICE1 INTRODUZIONE 1.1 Per arrampicare 1. INTRODUZIONE Il presente elaborato rappresenta i termini e le condizioni di utilizzo dei sistemi di sicura automatica ProGrade. Nel seguito vengono descritte le condizioni per il corretto utilizzo della macchina nonch\u00e9 le avvertenze di sicurezza, e i rischi connessi [&hellip;]<\/p>\n","protected":false},"author":3,"featured_media":0,"parent":0,"menu_order":0,"comment_status":"closed","ping_status":"closed","template":"","meta":{"_et_pb_use_builder":"on","_et_pb_old_content":"<div id=\"u11954-128\" class=\"clearfix colelem\" data-sizepolicy=\"fixed\" data-pintopage=\"page_fixedCenter\"><h2 class=\"titoloBLu\">TERMINI E CONDIZIONI DI UTILIZZO<\/h2><h3>DISPOSITIVO DI SICURA AUTOMATICA<\/h3><p><strong>INDICE<\/strong><\/p><p><strong>1 INTRODUZIONE<\/strong><\/p><p>1.1 Per arrampicare<\/p><p><strong>1. INTRODUZIONE<\/strong><\/p><p>Il presente elaborato rappresenta i termini e le condizioni di utilizzo dei sistemi di sicura automatica ProGrade. Nel seguito vengono descritte le condizioni per il corretto utilizzo della macchina nonch\u00e9 le avvertenze di sicurezza, e i rischi connessi ad un mal utilizzo.<\/p><p>Attenzione: l\u2019arrampicata \u00e8 uno sport intrinsecamente pericoloso che deve essere praticato sempre con la massima attenzione, prudenza e consapevolezza.<\/p><p>Attenzione: ProGrade \u00e8 un macchinario che permette di arrampicare da primo in completa autonomia. Per poterlo utilizzare \u00e8 obbligatorio conoscere la tecnica dell\u2019arrampicata, saper indossare correttamente l\u2019attrezzatura di protezione individuale, saper eseguire nel modo corretto e nel punto giusto un nodo a otto, saper rinviare nel modo corretto e pi\u00f9 in generale saper arrampicare da primo in modo autonomo.<\/p><p>ProGrade non \u00e8 un macchinario adatto ai principianti o a chi non ha acquisito sufficiente esperienza. ProGrade Srl non si ritiene responsabile di incidenti o infortuni legati a un uso improprio del macchinario.<\/p><p>ProGrade \u00e8 un macchinario che permette di arrampicare da primo, lasciando all\u2019utente la giusta libert\u00e0 di movimento che gli permetta di praticare la disciplina dell\u2019arrampicata. La responsabilit\u00e0 di eseguire le manovre correttamente \u00e8 sempre rimandata all\u2019utilizzatore. In alcun modo ProGrade Srl si assume la responsabilit\u00e0 di un uso errato, improprio o superficiale della macchina.<\/p><p><strong>1.1 Per arrampicare<\/strong><\/p><p>Prima di utilizzare la macchina verificare che questa sia accesa e che non presenti messaggi di errore.<\/p><p>ATTENZIONE non utilizzare mai la macchina se mostra un messaggio di errore.<\/p><p>La macchina si trova normalmente nella configurazione di stand-by, con la corda completamente avvolta e con solo 1m che esce dalla fessura. In questa configurazione il segno nero presente sulla corda deve trovarsi a cavallo della fessura. Prima di utilizzare la macchina \u00e8 necessario verificare questa condizione. Se la condizione non \u00e8 verificata ovvero se il segno nero non \u00e8 a cavallo della fessura, \u00e8 severamente vietato utilizzare la macchina. Contattare immediatamente l\u2019assistenza per effettuare la procedura di calibrazione.<\/p><p>ATTENZIONE utilizzare la macchina con una calibrazione errata pu\u00f2 comportare rischi di sicurezza. La calibrazione della corda \u00e8 un operazione da effettuare periodicamente ed \u00e8 affidata all\u2019utilizzatrice (palestra di arrampicata). ProGrade Srl non si assume la responsabilit\u00e0 di una mancata verifica periodica della calibrazione<\/p><p>Tirare la corda o cliccare lo schermo per avviare la macchina. Prima di procedere \u00e8 necessario accettare i termini e le condizioni di utilizzo della macchina. Cliccando \u201cACCETTA\u201d si dichiara di aver letto, compreso e accettato tale documento in ogni sua parte.<\/p><p>Una volta nella funzione nodo tirare la corda finche la macchina non si ferma di nuovo. La macchina di default fornisce una lunghezza limitata per fare il nodo. Tale lunghezza \u00e8 sufficiente per eseguire il nodo a 8 ma non \u00e8 sufficiente per cominciare ad arrampicare.<\/p><p>Effettuare sempre il nodo nel modo corretto. \u00c8 severamente vietato utilizzare ProGrade se non si conosce la procedura per legarsi a una corda d\u2019arrampicata. La responsabilit\u00e0 sull\u2019esecuzione del nodo \u00e8 sempre rimandata all\u2019utilizzatore. In alcun modo ProGrade Srl si assume la responsabilit\u00e0 per incidenti infortunii o danni derivanti da una cattiva esecuzione del nodo.<\/p><p>ATTENZIONE una cattiva esecuzione del nodo pu\u00f2 comportare rischi per la sicurezza<\/p><p>Dopo aver effettuato il nodo nel modo corretto \u00e8 obbligatorio premere il pulsante verde presente sullo schermo \u201cattiva la sicura\u201d. \u00c8 severamente vietato cominciare ad arrampicare senza aver prima cliccato attiva la sicura.<\/p><p>Se il tasto verde non compare o viene visualizzato un messaggio di errore interrompere immediatamente l\u2019utilizzo della macchina e contattare l\u2019assistenza.<\/p><p>ATTENZIONE cominciare ad arrampicare senza aver attivato la sicura comporta un rischio per la sicurezza dell\u2019utilizzatore. Prima di cominciare ad arrampicare \u00e8 obbligatorio premere il tasto attiva la sicura.<\/p><p>Una volta premuto il tasto attiva la sicura la macchina effettua una procedura di verifica. Durante questa procedura rimanere fermi in piedi davanti alla macchina alla distanza di 1m dalla parete. \u00c8 severamente vietato tenere la corda con le mani durante questa operazione. \u00c8 severamente vietato muoversi durante questa operazione.<\/p><p>ATTENZIONE interferire in qualunque modo con la procedura di verifica comporta un rischio per la sicurezza. non arrampicare mai se la procedura di verifica \u00e8 stata interrotta o non \u00e8 andata a buon fine.<\/p><p>Al termine della procedura di verifica la macchina restituisce un esito. Se l\u2019esito \u00e8 negativo viene mostrato un messaggio di errore e la procedura del nodo va ripetuta da capo.<\/p><p>ATTENZIONE non arrampicare mai se l\u2019esito della verifica e negativo o viene mostrato un messaggio di errore.<\/p><p>Sar\u00e0 possibile cominciare ad arrampicare solo se la procedura di verifica \u00e8 andata a buon fine, e solo dopo aver verificato che sullo schermo compaia la schermata che evidenza che lo stato della sicura \u00e8 attivo con la scritta: \u201cON\u201d.<\/p><p>ATTENZIONE: \u00e8 severamente vietato cominciare ad arrampicare in qualunque circostanza differente.<\/p><p>E\u2019 concesso arrampicare solo dopo che la procedura di verifica si \u00e8 svolta correttamente e che lo schermo mostri lo stato della sicura come ON.<\/p><p>La macchina si trova a questo punto nella modalit\u00e0 da primo. La macchina da e recupera corda in base ai movimenti dell\u2019utilizzatore.<\/p><p>ATTENZIONE per poter arrampicare in sicurezza \u00e8 obbligatorio passare la corda nei moschettoni e passarla nel modo corretto. ProGrade Srl non si assume la responsabilit\u00e0 di incidenti infortuni o danni derivanti da una mancata o errata rinviata. Rinviare la corda nei moschettoni \u00e8 un operazione affidata unicamente all\u2019utilizzatore e deve essere compiuta nel modo corretto. La corda va passata in tutti i moschettoni, deve fare il giro corretto e deve essere moschettonata quando l\u2019utilizzatore si trova con il rinvio all\u2019altezza del petto.<\/p><p>ATTENZIONE rinviare la corda troppo dal basso o troppo dall\u2019altro comporta un rischio per la sicurezza. ProGrade Srl non si assume la responsabilit\u00e0 per danni, infortuni o incidenti derivanti da una rinviata fatta nel punto sbagliato.<\/p><p>ATTENZIONE durante una caduta \u00e8 severamente vietato afferrare o tentare di afferrare la corda che esce dalla macchina. Afferrare la corda o pi\u00f9 in generale provocare una resistenza nella corda inficia il lavoro dei sensori del macchinario e pu\u00f2 comportare gravi pericoli di sicurezza.<\/p><p>ATTENZIONE \u00e8 severamente vietato arrampicare con la macchina spenta. Arrampicare con la macchina spenta pu\u00f2 comportare rischi per la sicurezza.<\/p><p>ATTENZIONE \u00e8 severamente vietato disarrampicare, durante l\u2019utilizzo della macchina. Disarrampicare pu\u00f2 comportare rischi per la sicurezza.<\/p><\/div>","_et_gb_content_width":"","inline_featured_image":false,"footnotes":""},"class_list":["post-1356","page","type-page","status-publish","hentry"],"yoast_head":"<!-- This site is optimized with the Yoast SEO plugin v27.4 - https:\/\/yoast.com\/product\/yoast-seo-wordpress\/ -->\n<title>Termini e condizioni - ProGrade<\/title>\n<meta name=\"robots\" content=\"index, follow, max-snippet:-1, max-image-preview:large, max-video-preview:-1\" \/>\n<link rel=\"canonical\" href=\"https:\/\/prograde.it\/termini-e-condizioni\/\" \/>\n<meta property=\"og:locale\" content=\"it_IT\" \/>\n<meta property=\"og:type\" content=\"article\" \/>\n<meta property=\"og:title\" content=\"Termini e condizioni - ProGrade\" \/>\n<meta property=\"og:description\" content=\"TERMINI E CONDIZIONI DI UTILIZZO DISPOSITIVO DI SICURA AUTOMATICA &nbsp; INDICE1 INTRODUZIONE 1.1 Per arrampicare 1. INTRODUZIONE Il presente elaborato rappresenta i termini e le condizioni di utilizzo dei sistemi di sicura automatica ProGrade. Nel seguito vengono descritte le condizioni per il corretto utilizzo della macchina nonch\u00e9 le avvertenze di sicurezza, e i rischi connessi [&hellip;]\" \/>\n<meta property=\"og:url\" content=\"https:\/\/prograde.it\/termini-e-condizioni\/\" \/>\n<meta property=\"og:site_name\" content=\"ProGrade\" \/>\n<meta property=\"article:modified_time\" content=\"2022-11-18T14:21:19+00:00\" \/>\n<meta name=\"twitter:card\" content=\"summary_large_image\" \/>\n<meta name=\"twitter:label1\" content=\"Tempo di lettura stimato\" \/>\n\t<meta name=\"twitter:data1\" content=\"6 minuti\" \/>\n<script type=\"application\/ld+json\" class=\"yoast-schema-graph\">{\"@context\":\"https:\\\/\\\/schema.org\",\"@graph\":[{\"@type\":\"WebPage\",\"@id\":\"https:\\\/\\\/prograde.it\\\/termini-e-condizioni\\\/\",\"url\":\"https:\\\/\\\/prograde.it\\\/termini-e-condizioni\\\/\",\"name\":\"Termini e condizioni - ProGrade\",\"isPartOf\":{\"@id\":\"https:\\\/\\\/prograde.it\\\/#website\"},\"datePublished\":\"2022-11-18T08:35:06+00:00\",\"dateModified\":\"2022-11-18T14:21:19+00:00\",\"breadcrumb\":{\"@id\":\"https:\\\/\\\/prograde.it\\\/termini-e-condizioni\\\/#breadcrumb\"},\"inLanguage\":\"it-IT\",\"potentialAction\":[{\"@type\":\"ReadAction\",\"target\":[\"https:\\\/\\\/prograde.it\\\/termini-e-condizioni\\\/\"]}]},{\"@type\":\"BreadcrumbList\",\"@id\":\"https:\\\/\\\/prograde.it\\\/termini-e-condizioni\\\/#breadcrumb\",\"itemListElement\":[{\"@type\":\"ListItem\",\"position\":1,\"name\":\"Home\",\"item\":\"https:\\\/\\\/prograde.it\\\/it\\\/\"},{\"@type\":\"ListItem\",\"position\":2,\"name\":\"Termini e condizioni\"}]},{\"@type\":\"WebSite\",\"@id\":\"https:\\\/\\\/prograde.it\\\/#website\",\"url\":\"https:\\\/\\\/prograde.it\\\/\",\"name\":\"ProGrade\",\"description\":\"it&#039;s time to be free\",\"publisher\":{\"@id\":\"https:\\\/\\\/prograde.it\\\/#organization\"},\"potentialAction\":[{\"@type\":\"SearchAction\",\"target\":{\"@type\":\"EntryPoint\",\"urlTemplate\":\"https:\\\/\\\/prograde.it\\\/?s={search_term_string}\"},\"query-input\":{\"@type\":\"PropertyValueSpecification\",\"valueRequired\":true,\"valueName\":\"search_term_string\"}}],\"inLanguage\":\"it-IT\"},{\"@type\":\"Organization\",\"@id\":\"https:\\\/\\\/prograde.it\\\/#organization\",\"name\":\"ProGrade\",\"url\":\"https:\\\/\\\/prograde.it\\\/\",\"logo\":{\"@type\":\"ImageObject\",\"inLanguage\":\"it-IT\",\"@id\":\"https:\\\/\\\/prograde.it\\\/#\\\/schema\\\/logo\\\/image\\\/\",\"url\":\"https:\\\/\\\/prograde.it\\\/wp-content\\\/uploads\\\/2022\\\/11\\\/pittogramma-azzurro-01.svg\",\"contentUrl\":\"https:\\\/\\\/prograde.it\\\/wp-content\\\/uploads\\\/2022\\\/11\\\/pittogramma-azzurro-01.svg\",\"width\":\"1024\",\"height\":\"1024\",\"caption\":\"ProGrade\"},\"image\":{\"@id\":\"https:\\\/\\\/prograde.it\\\/#\\\/schema\\\/logo\\\/image\\\/\"}}]}<\/script>\n<!-- \/ Yoast SEO plugin. -->","yoast_head_json":{"title":"Termini e condizioni - ProGrade","robots":{"index":"index","follow":"follow","max-snippet":"max-snippet:-1","max-image-preview":"max-image-preview:large","max-video-preview":"max-video-preview:-1"},"canonical":"https:\/\/prograde.it\/termini-e-condizioni\/","og_locale":"it_IT","og_type":"article","og_title":"Termini e condizioni - ProGrade","og_description":"TERMINI E CONDIZIONI DI UTILIZZO DISPOSITIVO DI SICURA AUTOMATICA &nbsp; INDICE1 INTRODUZIONE 1.1 Per arrampicare 1. INTRODUZIONE Il presente elaborato rappresenta i termini e le condizioni di utilizzo dei sistemi di sicura automatica ProGrade. Nel seguito vengono descritte le condizioni per il corretto utilizzo della macchina nonch\u00e9 le avvertenze di sicurezza, e i rischi connessi [&hellip;]","og_url":"https:\/\/prograde.it\/termini-e-condizioni\/","og_site_name":"ProGrade","article_modified_time":"2022-11-18T14:21:19+00:00","twitter_card":"summary_large_image","twitter_misc":{"Tempo di lettura stimato":"6 minuti"},"schema":{"@context":"https:\/\/schema.org","@graph":[{"@type":"WebPage","@id":"https:\/\/prograde.it\/termini-e-condizioni\/","url":"https:\/\/prograde.it\/termini-e-condizioni\/","name":"Termini e condizioni - ProGrade","isPartOf":{"@id":"https:\/\/prograde.it\/#website"},"datePublished":"2022-11-18T08:35:06+00:00","dateModified":"2022-11-18T14:21:19+00:00","breadcrumb":{"@id":"https:\/\/prograde.it\/termini-e-condizioni\/#breadcrumb"},"inLanguage":"it-IT","potentialAction":[{"@type":"ReadAction","target":["https:\/\/prograde.it\/termini-e-condizioni\/"]}]},{"@type":"BreadcrumbList","@id":"https:\/\/prograde.it\/termini-e-condizioni\/#breadcrumb","itemListElement":[{"@type":"ListItem","position":1,"name":"Home","item":"https:\/\/prograde.it\/it\/"},{"@type":"ListItem","position":2,"name":"Termini e condizioni"}]},{"@type":"WebSite","@id":"https:\/\/prograde.it\/#website","url":"https:\/\/prograde.it\/","name":"ProGrade","description":"it&#039;s time to be free","publisher":{"@id":"https:\/\/prograde.it\/#organization"},"potentialAction":[{"@type":"SearchAction","target":{"@type":"EntryPoint","urlTemplate":"https:\/\/prograde.it\/?s={search_term_string}"},"query-input":{"@type":"PropertyValueSpecification","valueRequired":true,"valueName":"search_term_string"}}],"inLanguage":"it-IT"},{"@type":"Organization","@id":"https:\/\/prograde.it\/#organization","name":"ProGrade","url":"https:\/\/prograde.it\/","logo":{"@type":"ImageObject","inLanguage":"it-IT","@id":"https:\/\/prograde.it\/#\/schema\/logo\/image\/","url":"https:\/\/prograde.it\/wp-content\/uploads\/2022\/11\/pittogramma-azzurro-01.svg","contentUrl":"https:\/\/prograde.it\/wp-content\/uploads\/2022\/11\/pittogramma-azzurro-01.svg","width":"1024","height":"1024","caption":"ProGrade"},"image":{"@id":"https:\/\/prograde.it\/#\/schema\/logo\/image\/"}}]}},"_links":{"self":[{"href":"https:\/\/prograde.it\/it\/wp-json\/wp\/v2\/pages\/1356","targetHints":{"allow":["GET"]}}],"collection":[{"href":"https:\/\/prograde.it\/it\/wp-json\/wp\/v2\/pages"}],"about":[{"href":"https:\/\/prograde.it\/it\/wp-json\/wp\/v2\/types\/page"}],"author":[{"embeddable":true,"href":"https:\/\/prograde.it\/it\/wp-json\/wp\/v2\/users\/3"}],"replies":[{"embeddable":true,"href":"https:\/\/prograde.it\/it\/wp-json\/wp\/v2\/comments?post=1356"}],"version-history":[{"count":6,"href":"https:\/\/prograde.it\/it\/wp-json\/wp\/v2\/pages\/1356\/revisions"}],"predecessor-version":[{"id":1376,"href":"https:\/\/prograde.it\/it\/wp-json\/wp\/v2\/pages\/1356\/revisions\/1376"}],"wp:attachment":[{"href":"https:\/\/prograde.it\/it\/wp-json\/wp\/v2\/media?parent=1356"}],"curies":[{"name":"wp","href":"https:\/\/api.w.org\/{rel}","templated":true}]}}